{"id":61,"date":"2021-02-03T18:35:24","date_gmt":"2021-02-03T17:35:24","guid":{"rendered":"https:\/\/www.heiner-rugs.com\/?page_id=61"},"modified":"2021-05-15T14:24:36","modified_gmt":"2021-05-15T12:24:36","slug":"story","status":"publish","type":"page","link":"https:\/\/www.heiner-rugs.com\/de\/story\/","title":{"rendered":"Story"},"content":{"rendered":"<p>[vc_row][vc_column]<div class=\"dt-fancy-separator title-left h2-size style-dotted accent-title-color\" style=\"width: 80%;\"><div class=\"dt-fancy-title\"><span class=\"separator-holder separator-left\"><\/span>Von Moloch-City zu den HeinerRugs<span class=\"separator-holder separator-right\"><\/span><\/div><\/div>[\/vc_column][\/vc_row][vc_row][vc_column width=&#8221;3\/4&#8243;]<div class=\"ult-spacer spacer-69eba8c802320\" data-id=\"69eba8c802320\" data-height=\"20\" data-height-mobile=\"20\" data-height-tab=\"20\" data-height-tab-portrait=\"\" data-height-mobile-landscape=\"\" style=\"clear:both;display:block;\"><\/div>[vc_column_text]Der Designer Michael Wruck hat nach Motiven aus Gem\u00e4lden des Malers Sebastian Heiner eine Serie von zehn Bildteppichen entworfen, von denen der renommierte Textilverlag JAB Anstoetz jetzt Teppiche realisiert hat. Beide K\u00fcnstler sind in Berlin ans\u00e4ssig.<\/p>\n<p>W\u00e4hrend Heiner in den seit 2018 unter dem Serientitel \u201eMoloch City\u201c gemalten \u00d6lbildern seine pers\u00f6nlichen Eindr\u00fccke der Mega-Citys Bangkok, Beijing und Shanghai zu dystopischen Traumszenen verarbeitete, in denen kubistisch gestaltete Hohepriester mit aggressiv bewaffneten Robotern agieren, erz\u00e4hlt Wruck die Geschichte jetzt weiter: Die von Heiner erfundenen farbig gekleideten Figuren entwickeln \u2013 ihrer chaotischen Umgebung und Gesellschaft \u00fcberdr\u00fcssig \u2013 eine Sehnsucht nach h\u00f6her entwickelten, au\u00dferirdischen Zivilisationen. Nachdem der Anf\u00fchrer und einige Verb\u00fcndete Kontakt aufgenommen haben, landet tats\u00e4chlich ein Raumschiff. Die Erdbewohner lehnen die Ank\u00f6mmlinge jedoch ab und verurteilen sie wegen ihrer angeblichen \u00dcberlegenheit. Daraufhin planen die Fremden ihre Abreise. Der Vermittlungsversuch einer Hohepriesterin\u00a0 f\u00fchrt jedoch zu einem wechselseitigen Austausch von Ideen und zu der Erkenntnis, dass die Au\u00dferirdischen schon immer anwesend waren und nun die M\u00f6glichkeit zu einer h\u00f6heren Entwicklung der Menschheit er\u00f6ffnen. \u00dcber dieser letzten Szene schwebt das Raumschiff und strahlt der technische Mond. Anregungen zu der Geschichte lieferte die Science-Fiction-Literatur von Stanis\u0142aw Lem und den Br\u00fcdern Arkadi und Boris Strugazki bis zum chinesischen Autor Liu Cixin.[\/vc_column_text][\/vc_column][vc_column width=&#8221;1\/4&#8243;][vc_single_image image=&#8221;65&#8243; img_size=&#8221;full&#8221; alignment=&#8221;center&#8221; css_animation=&#8221;fadeIn&#8221;][\/vc_column][\/vc_row][vc_row][vc_column][vc_column_text]Durch den intellektuellen Austausch und die rege Zusammenarbeit von Heiner und Wruck ist eine moderne Bildnovelle entstanden, die Raum f\u00fcr zahlreiche Deutungen l\u00e4sst. Wruck hat sie in aufregend aktuelles Grafikdesign \u00fcbertragen. Dar\u00fcber hinaus beschreiten die beiden K\u00fcnstler auch neue Wege im Bereich der textilen Bildgestaltung. Die Gattung des modernen K\u00fcnstlerteppichs entwickelte sich in der zweiten H\u00e4lfte des 19. Jahrhunderts auf den Grundlagen der englischen Reformbewegung und durch die Mischung von Historismus und Volkskunst in Skandinavien und Norddeutschland, fand einen H\u00f6hepunkt im Jugendstil und blieb bis in die 1980er-Jahre aktuell. W\u00e4hrend Wandbeh\u00e4nge seit dem fr\u00fchen Mittelalter durchg\u00e4ngig gewirkt oder gewebt wurden, werden die wertvollen aus dem Orient stammenden Bodenteppiche bis heute mit der Hand gekn\u00fcpft.<\/p>\n<p>Heiner und Wruck haben sich jedoch f\u00fcr die moderne Technik des Handtufting entschieden, welche die Figuren in pr\u00e4zisen Umrissen und pr\u00e4gnanten Farbfl\u00e4chen erscheinen l\u00e4sst. Dadurch sind ihre Bildteppiche sowohl f\u00fcr den Boden als auch als Wandobjekte denkbar. Neu ist auch, dass die Motive eines Malers durch einen Grafikdesigner neu interpretiert, in einen weiterentwickelten Kontext gestellt und als Folge von mehreren Arbeiten in einer Art Comic-Serie pr\u00e4sentiert werden. Erstmals auf dem Gebiet des K\u00fcnstlerteppichs wurde ein Science-Fiction-Sujet gew\u00e4hlt, das offensichtlich auch im Designbereich begeistern kann.<\/p>\n<p>Axel Feu\u00df 2021[\/vc_column_text][\/vc_column][\/vc_row][vc_row css=&#8221;.vc_custom_1620751987200{padding-top: 30px !important;padding-bottom: 30px !important;}&#8221;][vc_column width=&#8221;1\/3&#8243;][vc_single_image image=&#8221;166&#8243; img_size=&#8221;full&#8221; alignment=&#8221;center&#8221; onclick=&#8221;custom_link&#8221; css_animation=&#8221;fadeIn&#8221; image_hovers=&#8221;false&#8221; lazy_loading=&#8221;true&#8221; link=&#8221;https:\/\/www.heiner-rugs.com\/de\/project\/series-a-rug-8\/&#8221;]<div class=\"dt-fancy-separator h3-size style-disabled accent-title-color\" style=\"width: 100%;\"><div class=\"dt-fancy-title\"><span class=\"separator-holder separator-left\"><\/span>Series A - Rug 8<span class=\"separator-holder separator-right\"><\/span><\/div><\/div><div class=\"ult-spacer spacer-69eba8c802372\" data-id=\"69eba8c802372\" data-height=\"20\" data-height-mobile=\"20\" data-height-tab=\"20\" data-height-tab-portrait=\"\" data-height-mobile-landscape=\"\" style=\"clear:both;display:block;\"><\/div>[\/vc_column][vc_column width=&#8221;1\/3&#8243;][vc_single_image image=&#8221;165&#8243; img_size=&#8221;full&#8221; alignment=&#8221;center&#8221; onclick=&#8221;custom_link&#8221; css_animation=&#8221;fadeIn&#8221; image_hovers=&#8221;false&#8221; lazy_loading=&#8221;true&#8221; link=&#8221;https:\/\/www.heiner-rugs.com\/de\/project\/series-a-rug-7\/&#8221;]<div class=\"dt-fancy-separator h3-size style-disabled accent-title-color\" style=\"width: 100%;\"><div class=\"dt-fancy-title\"><span class=\"separator-holder separator-left\"><\/span>Series A - Rug 7<span class=\"separator-holder separator-right\"><\/span><\/div><\/div><div class=\"ult-spacer spacer-69eba8c8023b5\" data-id=\"69eba8c8023b5\" data-height=\"20\" data-height-mobile=\"20\" data-height-tab=\"20\" data-height-tab-portrait=\"\" data-height-mobile-landscape=\"\" style=\"clear:both;display:block;\"><\/div>[\/vc_column][vc_column width=&#8221;1\/3&#8243;][vc_single_image image=&#8221;143&#8243; img_size=&#8221;full&#8221; alignment=&#8221;center&#8221; onclick=&#8221;custom_link&#8221; css_animation=&#8221;fadeIn&#8221; image_hovers=&#8221;false&#8221; lazy_loading=&#8221;true&#8221; link=&#8221;https:\/\/www.heiner-rugs.com\/de\/project\/series-a-rug-10\/&#8221;]<div class=\"dt-fancy-separator h3-size style-disabled accent-title-color\" style=\"width: 100%;\"><div class=\"dt-fancy-title\"><span class=\"separator-holder separator-left\"><\/span>Series A - Rug 10<span class=\"separator-holder separator-right\"><\/span><\/div><\/div><div class=\"ult-spacer spacer-69eba8c8023f2\" data-id=\"69eba8c8023f2\" data-height=\"20\" data-height-mobile=\"20\" data-height-tab=\"20\" data-height-tab-portrait=\"\" data-height-mobile-landscape=\"\" style=\"clear:both;display:block;\"><\/div>[\/vc_column][\/vc_row]<\/p>\n","protected":false},"excerpt":{"rendered":"<p>[vc_row][vc_column][\/vc_column][\/vc_row][vc_row][vc_column width=&#8221;3\/4&#8243;][vc_column_text]Der Designer Michael Wruck hat nach Motiven aus Gem\u00e4lden des Malers Sebastian Heiner eine Serie von zehn Bildteppichen entworfen, von denen der renommierte Textilverlag JAB Anstoetz jetzt Teppiche realisiert hat. Beide K\u00fcnstler sind in Berlin ans\u00e4ssig. W\u00e4hrend Heiner in den seit 2018 unter dem Serientitel \u201eMoloch City\u201c gemalten \u00d6lbildern seine pers\u00f6nlichen Eindr\u00fccke der Mega-Citys&hellip;<\/p>\n","protected":false},"author":1,"featured_media":223,"parent":0,"menu_order":0,"comment_status":"closed","ping_status":"closed","template":"","meta":{"footnotes":""},"class_list":["post-61","page","type-page","status-publish","has-post-thumbnail","hentry","description-off"],"yoast_head":"<!-- This site is optimized with the Yoast SEO plugin v16.8 - https:\/\/yoast.com\/wordpress\/plugins\/seo\/ -->\n<title>HeinerRugs - Die Story - Art Rugs - CyberRugs - Science Fiction Rugs<\/title>\n<meta name=\"description\" content=\"Durch den intellektuellen Austausch und die rege Zusammenarbeit von Sebastian Heiner &amp; Michael Wruck ist eine moderne Bildnovelle entstanden.\" \/>\n<meta name=\"robots\" content=\"index, follow, max-snippet:-1, max-image-preview:large, max-video-preview:-1\" \/>\n<link rel=\"canonical\" href=\"https:\/\/www.heiner-rugs.com\/de\/story\/\" \/>\n<meta property=\"og:locale\" content=\"de_DE\" \/>\n<meta property=\"og:type\" content=\"article\" \/>\n<meta property=\"og:title\" content=\"HeinerRugs - Die Story - Art Rugs - CyberRugs - Science Fiction Rugs\" \/>\n<meta property=\"og:description\" content=\"Durch den intellektuellen Austausch und die rege Zusammenarbeit von Sebastian Heiner &amp; Michael Wruck ist eine moderne Bildnovelle entstanden.\" \/>\n<meta property=\"og:url\" content=\"https:\/\/www.heiner-rugs.com\/de\/story\/\" \/>\n<meta property=\"og:site_name\" content=\"Sebastian Heiner - Heiner Rugs\" \/>\n<meta property=\"article:modified_time\" content=\"2021-05-15T12:24:36+00:00\" \/>\n<meta name=\"twitter:card\" content=\"summary_large_image\" \/>\n<meta name=\"twitter:title\" content=\"false\" \/>\n<meta name=\"twitter:label1\" content=\"Gesch\u00e4tzte Lesezeit\" \/>\n\t<meta name=\"twitter:data1\" content=\"3\u00a0Minuten\" \/>\n<script type=\"application\/ld+json\" class=\"yoast-schema-graph\">{\"@context\":\"https:\/\/schema.org\",\"@graph\":[{\"@type\":\"Organization\",\"@id\":\"https:\/\/www.heiner-rugs.com\/#organization\",\"name\":\"HeinerRugs\",\"url\":\"https:\/\/www.heiner-rugs.com\/\",\"sameAs\":[],\"logo\":{\"@type\":\"ImageObject\",\"@id\":\"https:\/\/www.heiner-rugs.com\/#logo\",\"inLanguage\":\"de\",\"url\":\"https:\/\/www.heiner-rugs.com\/wp-content\/uploads\/heiner-rugs-logo-v3-150.png\",\"contentUrl\":\"https:\/\/www.heiner-rugs.com\/wp-content\/uploads\/heiner-rugs-logo-v3-150.png\",\"width\":480,\"height\":150,\"caption\":\"HeinerRugs\"},\"image\":{\"@id\":\"https:\/\/www.heiner-rugs.com\/#logo\"}},{\"@type\":\"WebSite\",\"@id\":\"https:\/\/www.heiner-rugs.com\/#website\",\"url\":\"https:\/\/www.heiner-rugs.com\/\",\"name\":\"Sebastian Heiner - Heiner Rugs\",\"description\":\"Contemporary Art Rugs\",\"publisher\":{\"@id\":\"https:\/\/www.heiner-rugs.com\/#organization\"},\"potentialAction\":[{\"@type\":\"SearchAction\",\"target\":{\"@type\":\"EntryPoint\",\"urlTemplate\":\"https:\/\/www.heiner-rugs.com\/?s={search_term_string}\"},\"query-input\":\"required name=search_term_string\"}],\"inLanguage\":\"de\"},{\"@type\":\"ImageObject\",\"@id\":\"https:\/\/www.heiner-rugs.com\/de\/story\/#primaryimage\",\"inLanguage\":\"de\",\"url\":\"\",\"contentUrl\":\"\"},{\"@type\":\"WebPage\",\"@id\":\"https:\/\/www.heiner-rugs.com\/de\/story\/#webpage\",\"url\":\"https:\/\/www.heiner-rugs.com\/de\/story\/\",\"name\":\"HeinerRugs - Die Story - Art Rugs - CyberRugs - Science Fiction Rugs\",\"isPartOf\":{\"@id\":\"https:\/\/www.heiner-rugs.com\/#website\"},\"primaryImageOfPage\":{\"@id\":\"https:\/\/www.heiner-rugs.com\/de\/story\/#primaryimage\"},\"datePublished\":\"2021-02-03T17:35:24+00:00\",\"dateModified\":\"2021-05-15T12:24:36+00:00\",\"description\":\"Durch den intellektuellen Austausch und die rege Zusammenarbeit von Sebastian Heiner & Michael Wruck ist eine moderne Bildnovelle entstanden.\",\"breadcrumb\":{\"@id\":\"https:\/\/www.heiner-rugs.com\/de\/story\/#breadcrumb\"},\"inLanguage\":\"de\",\"potentialAction\":[{\"@type\":\"ReadAction\",\"target\":[\"https:\/\/www.heiner-rugs.com\/de\/story\/\"]}]},{\"@type\":\"BreadcrumbList\",\"@id\":\"https:\/\/www.heiner-rugs.com\/de\/story\/#breadcrumb\",\"itemListElement\":[{\"@type\":\"ListItem\",\"position\":1,\"name\":\"Startseite\",\"item\":\"https:\/\/www.heiner-rugs.com\/de\/\"},{\"@type\":\"ListItem\",\"position\":2,\"name\":\"Story\"}]}]}<\/script>\n<!-- \/ Yoast SEO plugin. -->","yoast_head_json":{"title":"HeinerRugs - Die Story - Art Rugs - CyberRugs - Science Fiction Rugs","description":"Durch den intellektuellen Austausch und die rege Zusammenarbeit von Sebastian Heiner & Michael Wruck ist eine moderne Bildnovelle entstanden.","robots":{"index":"index","follow":"follow","max-snippet":"max-snippet:-1","max-image-preview":"max-image-preview:large","max-video-preview":"max-video-preview:-1"},"canonical":"https:\/\/www.heiner-rugs.com\/de\/story\/","og_locale":"de_DE","og_type":"article","og_title":"HeinerRugs - Die Story - Art Rugs - CyberRugs - Science Fiction Rugs","og_description":"Durch den intellektuellen Austausch und die rege Zusammenarbeit von Sebastian Heiner & Michael Wruck ist eine moderne Bildnovelle entstanden.","og_url":"https:\/\/www.heiner-rugs.com\/de\/story\/","og_site_name":"Sebastian Heiner - Heiner Rugs","article_modified_time":"2021-05-15T12:24:36+00:00","twitter_card":"summary_large_image","twitter_title":"false","twitter_misc":{"Gesch\u00e4tzte Lesezeit":"3\u00a0Minuten"},"schema":{"@context":"https:\/\/schema.org","@graph":[{"@type":"Organization","@id":"https:\/\/www.heiner-rugs.com\/#organization","name":"HeinerRugs","url":"https:\/\/www.heiner-rugs.com\/","sameAs":[],"logo":{"@type":"ImageObject","@id":"https:\/\/www.heiner-rugs.com\/#logo","inLanguage":"de","url":"https:\/\/www.heiner-rugs.com\/wp-content\/uploads\/heiner-rugs-logo-v3-150.png","contentUrl":"https:\/\/www.heiner-rugs.com\/wp-content\/uploads\/heiner-rugs-logo-v3-150.png","width":480,"height":150,"caption":"HeinerRugs"},"image":{"@id":"https:\/\/www.heiner-rugs.com\/#logo"}},{"@type":"WebSite","@id":"https:\/\/www.heiner-rugs.com\/#website","url":"https:\/\/www.heiner-rugs.com\/","name":"Sebastian Heiner - Heiner Rugs","description":"Contemporary Art Rugs","publisher":{"@id":"https:\/\/www.heiner-rugs.com\/#organization"},"potentialAction":[{"@type":"SearchAction","target":{"@type":"EntryPoint","urlTemplate":"https:\/\/www.heiner-rugs.com\/?s={search_term_string}"},"query-input":"required name=search_term_string"}],"inLanguage":"de"},{"@type":"ImageObject","@id":"https:\/\/www.heiner-rugs.com\/de\/story\/#primaryimage","inLanguage":"de","url":"","contentUrl":""},{"@type":"WebPage","@id":"https:\/\/www.heiner-rugs.com\/de\/story\/#webpage","url":"https:\/\/www.heiner-rugs.com\/de\/story\/","name":"HeinerRugs - Die Story - Art Rugs - CyberRugs - Science Fiction Rugs","isPartOf":{"@id":"https:\/\/www.heiner-rugs.com\/#website"},"primaryImageOfPage":{"@id":"https:\/\/www.heiner-rugs.com\/de\/story\/#primaryimage"},"datePublished":"2021-02-03T17:35:24+00:00","dateModified":"2021-05-15T12:24:36+00:00","description":"Durch den intellektuellen Austausch und die rege Zusammenarbeit von Sebastian Heiner & Michael Wruck ist eine moderne Bildnovelle entstanden.","breadcrumb":{"@id":"https:\/\/www.heiner-rugs.com\/de\/story\/#breadcrumb"},"inLanguage":"de","potentialAction":[{"@type":"ReadAction","target":["https:\/\/www.heiner-rugs.com\/de\/story\/"]}]},{"@type":"BreadcrumbList","@id":"https:\/\/www.heiner-rugs.com\/de\/story\/#breadcrumb","itemListElement":[{"@type":"ListItem","position":1,"name":"Startseite","item":"https:\/\/www.heiner-rugs.com\/de\/"},{"@type":"ListItem","position":2,"name":"Story"}]}]}},"_links":{"self":[{"href":"https:\/\/www.heiner-rugs.com\/de\/wp-json\/wp\/v2\/pages\/61","targetHints":{"allow":["GET"]}}],"collection":[{"href":"https:\/\/www.heiner-rugs.com\/de\/wp-json\/wp\/v2\/pages"}],"about":[{"href":"https:\/\/www.heiner-rugs.com\/de\/wp-json\/wp\/v2\/types\/page"}],"author":[{"embeddable":true,"href":"https:\/\/www.heiner-rugs.com\/de\/wp-json\/wp\/v2\/users\/1"}],"replies":[{"embeddable":true,"href":"https:\/\/www.heiner-rugs.com\/de\/wp-json\/wp\/v2\/comments?post=61"}],"version-history":[{"count":11,"href":"https:\/\/www.heiner-rugs.com\/de\/wp-json\/wp\/v2\/pages\/61\/revisions"}],"predecessor-version":[{"id":66,"href":"https:\/\/www.heiner-rugs.com\/de\/wp-json\/wp\/v2\/pages\/61\/revisions\/66"}],"wp:featuredmedia":[{"embeddable":true,"href":"https:\/\/www.heiner-rugs.com\/de\/wp-json\/wp\/v2\/media\/223"}],"wp:attachment":[{"href":"https:\/\/www.heiner-rugs.com\/de\/wp-json\/wp\/v2\/media?parent=61"}],"curies":[{"name":"wp","href":"https:\/\/api.w.org\/{rel}","templated":true}]}}